{"id":792,"date":"2026-01-18T18:42:51","date_gmt":"2026-01-18T18:42:51","guid":{"rendered":"https:\/\/achaeyehospital.org\/?page_id=792"},"modified":"2026-01-18T19:09:53","modified_gmt":"2026-01-18T19:09:53","slug":"our-team","status":"publish","type":"page","link":"https:\/\/achaeyehospital.org\/fr\/our-team\/","title":{"rendered":"Notre \u00e9quipe"},"content":{"rendered":"<div data-elementor-type=\"wp-page\" data-elementor-id=\"792\" class=\"elementor elementor-792\">\n\t\t\t\t<div class=\"elementor-element elementor-element-38feb428 animated-slow pbmit-bg-image-over-color e-flex e-con-boxed elementor-invisible e-con e-parent\" data-id=\"38feb428\" data-element_type=\"container\" data-e-type=\"container\" data-settings=\"{&quot;animation&quot;:&quot;fadeIn&quot;}\">\n\t\t\t\t\t<div class=\"e-con-inner\">\n\t\t\t\t<div class=\"elementor-element elementor-element-29ba6f10 pbmit-ele-header-align-center elementor-widget elementor-widget-pbmit_team_element\" data-id=\"29ba6f10\" data-element_type=\"widget\" data-e-type=\"widget\" data-widget_type=\"pbmit_team_element.default\">\n\t\t\t\t<div class=\"elementor-widget-container\">\n\t\t\t\t\t\t\t\t<div class=\"pbminfotech-element\t\t\t\tpbminfotech-element-team\t\t\t\tpbmit-element-team-style-1\t\t\t\tpbmit-element-viewtype-row-column\t\t\t\tpbmit-element-column-four\t\t\t\tpbmit-element-sticky-carousel-false\t\t\t\tpbmit-element-caroursel-dot-false\t\t\t\tpbmit-infinite-scroll-no\t\t\t\tpbmit-infinite-scroll-button-no\t\t\t\tpbminfotech-gap-default\"\r\n\t\t\t\tdata-pbmit-settings=\"{&quot;cpt&quot;:&quot;team&quot;,&quot;totalpagination&quot;:&quot;1&quot;,&quot;style&quot;:&quot;1&quot;,&quot;show&quot;:&quot;6&quot;,&quot;columns&quot;:&quot;4&quot;,&quot;loop&quot;:&quot;false&quot;,&quot;autoplay&quot;:&quot;false&quot;,&quot;center&quot;:&quot;false&quot;,&quot;nav&quot;:&quot;false&quot;,&quot;dots&quot;:&quot;false&quot;,&quot;reverse&quot;:&quot;false&quot;,&quot;speed&quot;:&quot;1000&quot;,&quot;delay&quot;:&quot;4000&quot;,&quot;show-portion&quot;:&quot;false&quot;,&quot;view_type&quot;:&quot;row-column&quot;,&quot;offset&quot;:&quot;0&quot;,&quot;from_category&quot;:&quot;&quot;,&quot;orderby&quot;:&quot;none&quot;,&quot;order&quot;:&quot;DESC&quot;,&quot;gap&quot;:&quot;default&quot;,&quot;infinite_scroll&quot;:&quot;no&quot;,&quot;loadmore_btn&quot;:&quot;no&quot;,&quot;sticky_carousel&quot;:&quot;false&quot;,&quot;fade&quot;:&quot;slide&quot;,&quot;marquee-speed&quot;:&quot;10000&quot;}\">\r\n\t\t\t\t<div class=\"pbmit-element-inner\">\r\n\t\t\t\t\t<div class=\"pbmit-ele-header-area\">\r\n\t\t\t <div class=\"pbmit-heading-subheading pbmit-reverse-heading-yes animation-style3\"><h2 class=\"pbmit-element-title\">\r\n\t\t\t\t\r\n\t\t\t\t\tRencontrez notre \u00e9quipe\r\n\t\t\t\t\r\n\t\t\t\t<\/h2>\r\n\t\t\t<div class=\"pbmit-heading-desc\">Nous sommes passionn\u00e9s par notre travail et par son impact positif sur les patients. <\/div><\/div>\t\t<\/div>\r\n\t\t\t\t\t\t<div class=\"pbmit-element-posts-wrapper row multi-columns-row\">\r\n\t\t\t\t\t<article class=\"pbmit-ele pbmit-ele-team pbmit-team-style-1 col-md-6 col-lg-4 col-xl-3  pbmit-odd pbmit-col-odd\"><div class=\"pbminfotech-post-item\">\r\n\t<div class=\"pbmit-featured-inner\">\r\n\t\t<div class=\"pbmit-featured-img-wrapper\"><div class=\"pbmit-featured-wrapper\"><img fetchpriority=\"high\" decoding=\"async\" width=\"780\" height=\"680\" src=\"https:\/\/achaeyehospital.org\/wp-content\/uploads\/2026\/02\/Dr-NYAAH-fE.JPG-scaled-e1770621224174-780x680.jpeg\" class=\"attachment-pbmit-img-780x680 size-pbmit-img-780x680 wp-post-image\" alt=\"\" \/><\/div><\/div>\t\t<a class=\"pbmit-link\" href=\"https:\/\/achaeyehospital.org\/fr\/doctor\/dr-nyaah-fidelis\/\" title=\"Go to Dr. Nyaah Fidelis\"><\/a>\r\n\t<\/div>\r\n\t<div class=\"pbminfotech-box-content\">\r\n\t\t<div class=\"pbmit-box-title-wrap\">\r\n\t\t\t<h3 class=\"pbmit-team-title\"><a href=\"https:\/\/achaeyehospital.org\/fr\/doctor\/dr-nyaah-fidelis\/\">Dr. Nyaah Fidelis<\/a><\/h3>\r\n\t\t\t\t\t\t<div class=\"pbminfotech-box-team-position\">Secr\u00e9taire aux services de sant\u00e9 PCC<\/div>\r\n\t\t\t\t\t<\/div>\r\n\t\t\t\t<div class=\"pbmit-team-social-links\">\r\n\t\t\t<ul class=\"pbmit-social-links pbmit-team-social-links\"><li class=\"pbmit-social-li pbmit-social-facebook\"><a href=\"#\" title=\"Facebook\" target=\"_blank\"><span><i class=\"pbmit-base-icon-facebook-logo\"><\/i><\/span><\/a><\/li><li class=\"pbmit-social-li pbmit-social-twitter\"><a href=\"#\" title=\"Twitter\" target=\"_blank\"><span><i class=\"pbmit-base-icon-twitter-2\"><\/i><\/span><\/a><\/li><li class=\"pbmit-social-li pbmit-social-linkedin\"><a href=\"#\" title=\"LinkedIn\" target=\"_blank\"><span><i class=\"pbmit-base-icon-linkedin-logo\"><\/i><\/span><\/a><\/li><li class=\"pbmit-social-li pbmit-social-instagram\"><a href=\"#\" title=\"Instagram\" target=\"_blank\"><span><i class=\"pbmit-base-icon-instagram\"><\/i><\/span><\/a><\/li><\/ul>\t\t<\/div>\r\n\t<\/div>\r\n<\/div><\/article><article class=\"pbmit-ele pbmit-ele-team pbmit-team-style-1 col-md-6 col-lg-4 col-xl-3  pbmit-even pbmit-col-odd\"><div class=\"pbminfotech-post-item\">\r\n\t<div class=\"pbmit-featured-inner\">\r\n\t\t<div class=\"pbmit-featured-img-wrapper\"><div class=\"pbmit-featured-wrapper\"><img decoding=\"async\" width=\"342\" height=\"364\" src=\"https:\/\/achaeyehospital.org\/wp-content\/uploads\/2025\/07\/07102025-DSC_0303-1.jpg\" class=\"attachment-pbmit-img-780x680 size-pbmit-img-780x680 wp-post-image\" alt=\"\" srcset=\"https:\/\/achaeyehospital.org\/wp-content\/uploads\/2025\/07\/07102025-DSC_0303-1.jpg 342w, https:\/\/achaeyehospital.org\/wp-content\/uploads\/2025\/07\/07102025-DSC_0303-1-282x300.jpg 282w\" sizes=\"(max-width: 342px) 100vw, 342px\" \/><\/div><\/div>\t\t<a class=\"pbmit-link\" href=\"https:\/\/achaeyehospital.org\/fr\/doctor\/dr-nchifor-alice-m-a\/\" title=\"Go to Dr Nchifor Alice M. A\"><\/a>\r\n\t<\/div>\r\n\t<div class=\"pbminfotech-box-content\">\r\n\t\t<div class=\"pbmit-box-title-wrap\">\r\n\t\t\t<h3 class=\"pbmit-team-title\"><a href=\"https:\/\/achaeyehospital.org\/fr\/doctor\/dr-nchifor-alice-m-a\/\">Dr Nchifor Alice M. A<\/a><\/h3>\r\n\t\t\t\t\t\t<div class=\"pbminfotech-box-team-position\">Directeur m\u00e9dical<\/div>\r\n\t\t\t\t\t<\/div>\r\n\t\t\t\t<div class=\"pbmit-team-social-links\">\r\n\t\t\t<ul class=\"pbmit-social-links pbmit-team-social-links\"><li class=\"pbmit-social-li pbmit-social-facebook\"><a href=\"#\" title=\"Facebook\" target=\"_blank\"><span><i class=\"pbmit-base-icon-facebook-logo\"><\/i><\/span><\/a><\/li><li class=\"pbmit-social-li pbmit-social-twitter\"><a href=\"#\" title=\"Twitter\" target=\"_blank\"><span><i class=\"pbmit-base-icon-twitter-2\"><\/i><\/span><\/a><\/li><li class=\"pbmit-social-li pbmit-social-instagram\"><a href=\"#\" title=\"Instagram\" target=\"_blank\"><span><i class=\"pbmit-base-icon-instagram\"><\/i><\/span><\/a><\/li><li class=\"pbmit-social-li pbmit-social-youtube\"><a href=\"#\" title=\"Youtube\" target=\"_blank\"><span><i class=\"pbmit-base-icon-youtube-play\"><\/i><\/span><\/a><\/li><\/ul>\t\t<\/div>\r\n\t<\/div>\r\n<\/div><\/article><article class=\"pbmit-ele pbmit-ele-team pbmit-team-style-1 col-md-6 col-lg-4 col-xl-3  pbmit-odd pbmit-col-odd\"><div class=\"pbminfotech-post-item\">\r\n\t<div class=\"pbmit-featured-inner\">\r\n\t\t<div class=\"pbmit-featured-img-wrapper\"><div class=\"pbmit-featured-wrapper\"><img decoding=\"async\" width=\"343\" height=\"364\" src=\"https:\/\/achaeyehospital.org\/wp-content\/uploads\/2025\/07\/DR-NGOUNOU-FAUSTIN-MEDICAL-DIRECTOR-ACHA-EYE-HOSPITAL-e1763379926889.jpeg\" class=\"attachment-pbmit-img-780x680 size-pbmit-img-780x680 wp-post-image\" alt=\"\" srcset=\"https:\/\/achaeyehospital.org\/wp-content\/uploads\/2025\/07\/DR-NGOUNOU-FAUSTIN-MEDICAL-DIRECTOR-ACHA-EYE-HOSPITAL-e1763379926889.jpeg 343w, https:\/\/achaeyehospital.org\/wp-content\/uploads\/2025\/07\/DR-NGOUNOU-FAUSTIN-MEDICAL-DIRECTOR-ACHA-EYE-HOSPITAL-e1763379926889-283x300.jpeg 283w\" sizes=\"(max-width: 343px) 100vw, 343px\" \/><\/div><\/div>\t\t<a class=\"pbmit-link\" href=\"https:\/\/achaeyehospital.org\/fr\/doctor\/dr-ngounou-faustin\/\" title=\"Go to Dr Ngounou Faustin\"><\/a>\r\n\t<\/div>\r\n\t<div class=\"pbminfotech-box-content\">\r\n\t\t<div class=\"pbmit-box-title-wrap\">\r\n\t\t\t<h3 class=\"pbmit-team-title\"><a href=\"https:\/\/achaeyehospital.org\/fr\/doctor\/dr-ngounou-faustin\/\">Dr Ngounou Faustin<\/a><\/h3>\r\n\t\t\t\t\t\t<div class=\"pbminfotech-box-team-position\">Conseiller technique aupr\u00e8s du secr\u00e9taire aux services de sant\u00e9<\/div>\r\n\t\t\t\t\t<\/div>\r\n\t\t\t\t<div class=\"pbmit-team-social-links\">\r\n\t\t\t<ul class=\"pbmit-social-links pbmit-team-social-links\"><li class=\"pbmit-social-li pbmit-social-facebook\"><a href=\"#\" title=\"Facebook\" target=\"_blank\"><span><i class=\"pbmit-base-icon-facebook-logo\"><\/i><\/span><\/a><\/li><li class=\"pbmit-social-li pbmit-social-twitter\"><a href=\"#\" title=\"Twitter\" target=\"_blank\"><span><i class=\"pbmit-base-icon-twitter-2\"><\/i><\/span><\/a><\/li><li class=\"pbmit-social-li pbmit-social-linkedin\"><a href=\"#\" title=\"LinkedIn\" target=\"_blank\"><span><i class=\"pbmit-base-icon-linkedin-logo\"><\/i><\/span><\/a><\/li><li class=\"pbmit-social-li pbmit-social-instagram\"><a href=\"#\" title=\"Instagram\" target=\"_blank\"><span><i class=\"pbmit-base-icon-instagram\"><\/i><\/span><\/a><\/li><\/ul>\t\t<\/div>\r\n\t<\/div>\r\n<\/div><\/article><article class=\"pbmit-ele pbmit-ele-team pbmit-team-style-1 col-md-6 col-lg-4 col-xl-3  pbmit-even pbmit-col-odd\"><div class=\"pbminfotech-post-item\">\r\n\t<div class=\"pbmit-featured-inner\">\r\n\t\t<div class=\"pbmit-featured-img-wrapper\"><div class=\"pbmit-featured-wrapper\"><img loading=\"lazy\" decoding=\"async\" width=\"343\" height=\"364\" src=\"https:\/\/achaeyehospital.org\/wp-content\/uploads\/2025\/07\/Dr-Attha-El-1-1.jpeg\" class=\"attachment-pbmit-img-780x680 size-pbmit-img-780x680 wp-post-image\" alt=\"\" srcset=\"https:\/\/achaeyehospital.org\/wp-content\/uploads\/2025\/07\/Dr-Attha-El-1-1.jpeg 343w, https:\/\/achaeyehospital.org\/wp-content\/uploads\/2025\/07\/Dr-Attha-El-1-1-283x300.jpeg 283w\" sizes=\"(max-width: 343px) 100vw, 343px\" \/><\/div><\/div>\t\t<a class=\"pbmit-link\" href=\"https:\/\/achaeyehospital.org\/fr\/doctor\/medical-officer-ophthalmologist\/\" title=\"Go to Dr. Attha Elizabeth\"><\/a>\r\n\t<\/div>\r\n\t<div class=\"pbminfotech-box-content\">\r\n\t\t<div class=\"pbmit-box-title-wrap\">\r\n\t\t\t<h3 class=\"pbmit-team-title\"><a href=\"https:\/\/achaeyehospital.org\/fr\/doctor\/medical-officer-ophthalmologist\/\">Dr. Attha Elizabeth<\/a><\/h3>\r\n\t\t\t\t\t\t<div class=\"pbminfotech-box-team-position\">M\u00e9decin \/ Ophtalmologue<\/div>\r\n\t\t\t\t\t<\/div>\r\n\t\t\t\t<div class=\"pbmit-team-social-links\">\r\n\t\t\t<ul class=\"pbmit-social-links pbmit-team-social-links\"><li class=\"pbmit-social-li pbmit-social-facebook\"><a href=\"#\" title=\"Facebook\" target=\"_blank\"><span><i class=\"pbmit-base-icon-facebook-logo\"><\/i><\/span><\/a><\/li><li class=\"pbmit-social-li pbmit-social-twitter\"><a href=\"#\" title=\"Twitter\" target=\"_blank\"><span><i class=\"pbmit-base-icon-twitter-2\"><\/i><\/span><\/a><\/li><li class=\"pbmit-social-li pbmit-social-youtube\"><a href=\"#\" title=\"Youtube\" target=\"_blank\"><span><i class=\"pbmit-base-icon-youtube-play\"><\/i><\/span><\/a><\/li><li class=\"pbmit-social-li pbmit-social-whatsapp\"><a href=\"#\" title=\"Whatsapp\" target=\"_blank\"><span><i class=\"pbmit-base-icon-whatsapp\"><\/i><\/span><\/a><\/li><\/ul>\t\t<\/div>\r\n\t<\/div>\r\n<\/div><\/article><article class=\"pbmit-ele pbmit-ele-team pbmit-team-style-1 col-md-6 col-lg-4 col-xl-3  pbmit-odd pbmit-col-even\"><div class=\"pbminfotech-post-item\">\r\n\t<div class=\"pbmit-featured-inner\">\r\n\t\t<div class=\"pbmit-featured-img-wrapper\"><div class=\"pbmit-featured-wrapper\"><img loading=\"lazy\" decoding=\"async\" width=\"780\" height=\"680\" src=\"https:\/\/achaeyehospital.org\/wp-content\/uploads\/2026\/02\/DR-AWUM-JOYCE-TEKO-MEDICAL-OFFICER-ACHA-EYE-HOSPITAL-BUEA-e1770622788936-780x680.jpeg\" class=\"attachment-pbmit-img-780x680 size-pbmit-img-780x680 wp-post-image\" alt=\"\" \/><\/div><\/div>\t\t<a class=\"pbmit-link\" href=\"https:\/\/achaeyehospital.org\/fr\/doctor\/dr-awum-joyce-teko\/\" title=\"Go to Dr Awum Joyce Teko\"><\/a>\r\n\t<\/div>\r\n\t<div class=\"pbminfotech-box-content\">\r\n\t\t<div class=\"pbmit-box-title-wrap\">\r\n\t\t\t<h3 class=\"pbmit-team-title\"><a href=\"https:\/\/achaeyehospital.org\/fr\/doctor\/dr-awum-joyce-teko\/\">Dr Awum Joyce Teko<\/a><\/h3>\r\n\t\t\t\t\t\t<div class=\"pbminfotech-box-team-position\">Medical Officer, Acha Eye Hospital Buea<\/div>\r\n\t\t\t\t\t<\/div>\r\n\t\t\t\t<div class=\"pbmit-team-social-links\">\r\n\t\t\t<ul class=\"pbmit-social-links pbmit-team-social-links\"><li class=\"pbmit-social-li pbmit-social-facebook\"><a href=\"#\" title=\"Facebook\" target=\"_blank\"><span><i class=\"pbmit-base-icon-facebook-logo\"><\/i><\/span><\/a><\/li><li class=\"pbmit-social-li pbmit-social-twitter\"><a href=\"#\" title=\"Twitter\" target=\"_blank\"><span><i class=\"pbmit-base-icon-twitter-2\"><\/i><\/span><\/a><\/li><li class=\"pbmit-social-li pbmit-social-linkedin\"><a href=\"#\" title=\"LinkedIn\" target=\"_blank\"><span><i class=\"pbmit-base-icon-linkedin-logo\"><\/i><\/span><\/a><\/li><li class=\"pbmit-social-li pbmit-social-instagram\"><a href=\"#\" title=\"Instagram\" target=\"_blank\"><span><i class=\"pbmit-base-icon-instagram\"><\/i><\/span><\/a><\/li><\/ul>\t\t<\/div>\r\n\t<\/div>\r\n<\/div><\/article><article class=\"pbmit-ele pbmit-ele-team pbmit-team-style-1 col-md-6 col-lg-4 col-xl-3  pbmit-even pbmit-col-even\"><div class=\"pbminfotech-post-item\">\r\n\t<div class=\"pbmit-featured-inner\">\r\n\t\t<div class=\"pbmit-featured-img-wrapper\"><div class=\"pbmit-featured-wrapper\"><img loading=\"lazy\" decoding=\"async\" width=\"343\" height=\"364\" src=\"https:\/\/achaeyehospital.org\/wp-content\/uploads\/2025\/06\/Dr-Meskerem-Shibiru-Fanta-Medical-Officer-ACHA-EYE-HOSPITAL-LIMBE-727x1024-1-1.jpeg\" class=\"attachment-pbmit-img-780x680 size-pbmit-img-780x680 wp-post-image\" alt=\"\" srcset=\"https:\/\/achaeyehospital.org\/wp-content\/uploads\/2025\/06\/Dr-Meskerem-Shibiru-Fanta-Medical-Officer-ACHA-EYE-HOSPITAL-LIMBE-727x1024-1-1.jpeg 343w, https:\/\/achaeyehospital.org\/wp-content\/uploads\/2025\/06\/Dr-Meskerem-Shibiru-Fanta-Medical-Officer-ACHA-EYE-HOSPITAL-LIMBE-727x1024-1-1-283x300.jpeg 283w\" sizes=\"(max-width: 343px) 100vw, 343px\" \/><\/div><\/div>\t\t<a class=\"pbmit-link\" href=\"https:\/\/achaeyehospital.org\/fr\/doctor\/dr-meskerem-shibiru\/\" title=\"Go to Dr Meskerem Shibiru\"><\/a>\r\n\t<\/div>\r\n\t<div class=\"pbminfotech-box-content\">\r\n\t\t<div class=\"pbmit-box-title-wrap\">\r\n\t\t\t<h3 class=\"pbmit-team-title\"><a href=\"https:\/\/achaeyehospital.org\/fr\/doctor\/dr-meskerem-shibiru\/\">Dr Meskerem Shibiru<\/a><\/h3>\r\n\t\t\t\t\t\t<div class=\"pbminfotech-box-team-position\">M\u00e9decin \/ Ophtalmologue<\/div>\r\n\t\t\t\t\t<\/div>\r\n\t\t\t\t<div class=\"pbmit-team-social-links\">\r\n\t\t\t<ul class=\"pbmit-social-links pbmit-team-social-links\"><li class=\"pbmit-social-li pbmit-social-facebook\"><a href=\"#\" title=\"Facebook\" target=\"_blank\"><span><i class=\"pbmit-base-icon-facebook-logo\"><\/i><\/span><\/a><\/li><li class=\"pbmit-social-li pbmit-social-twitter\"><a href=\"#\" title=\"Twitter\" target=\"_blank\"><span><i class=\"pbmit-base-icon-twitter-2\"><\/i><\/span><\/a><\/li><li class=\"pbmit-social-li pbmit-social-linkedin\"><a href=\"#\" title=\"LinkedIn\" target=\"_blank\"><span><i class=\"pbmit-base-icon-linkedin-logo\"><\/i><\/span><\/a><\/li><li class=\"pbmit-social-li pbmit-social-instagram\"><a href=\"#\" title=\"Instagram\" target=\"_blank\"><span><i class=\"pbmit-base-icon-instagram\"><\/i><\/span><\/a><\/li><\/ul>\t\t<\/div>\r\n\t<\/div>\r\n<\/div><\/article>\t\t\t\t<\/div>\r\n\t\t\t\t\t\t\t\t\t<\/div><!-- .pbmit-element-inner -->\r\n\t\t\t<\/div><!-- .pbminfotech-element -->\r\n\t\t\t\t\t\t\t\t\t<\/div>\n\t\t\t\t<\/div>\n\t\t\t\t\t<\/div>\n\t\t\t\t<\/div>\n\t\t\t\t<\/div>","protected":false},"excerpt":{"rendered":"<p>Meet Our Team We are passionate about our work and how it positively impacts patients. Dr. Nyaah Fidelis Health Service Secretary PCC Dr Nchifor Alice M. A Medical Director Dr Ngounou Faustin Techical Adviser to the HSS Dr. Attha Elizabeth Medical Officer \/ Ophthalmologist Dr Meskerem Shibiru Medical Officer \/ Ophthalmologist Dr. Bih Loraine Medical [&hellip;]<\/p>\n","protected":false},"author":1,"featured_media":599,"parent":0,"menu_order":0,"comment_status":"closed","ping_status":"closed","template":"","meta":{"_acf_changed":false,"footnotes":""},"class_list":["post-792","page","type-page","status-publish","has-post-thumbnail","hentry"],"acf":[],"yoast_head":"<!-- This site is optimized with the Yoast SEO plugin v27.4 - https:\/\/yoast.com\/product\/yoast-seo-wordpress\/ -->\n<title>Our Team - Acha Eye Hospitals<\/title>\n<meta name=\"robots\" content=\"index, follow, max-snippet:-1, max-image-preview:large, max-video-preview:-1\" \/>\n<link rel=\"canonical\" href=\"https:\/\/achaeyehospital.org\/fr\/our-team\/\" \/>\n<meta property=\"og:locale\" content=\"fr_FR\" \/>\n<meta property=\"og:type\" content=\"article\" \/>\n<meta property=\"og:title\" content=\"Our Team - Acha Eye Hospitals\" \/>\n<meta property=\"og:description\" content=\"Meet Our Team We are passionate about our work and how it positively impacts patients. Dr. Nyaah Fidelis Health Service Secretary PCC Dr Nchifor Alice M. A Medical Director Dr Ngounou Faustin Techical Adviser to the HSS Dr. Attha Elizabeth Medical Officer \/ Ophthalmologist Dr Meskerem Shibiru Medical Officer \/ Ophthalmologist Dr. Bih Loraine Medical [&hellip;]\" \/>\n<meta property=\"og:url\" content=\"https:\/\/achaeyehospital.org\/fr\/our-team\/\" \/>\n<meta property=\"og:site_name\" content=\"Acha Eye Hospitals\" \/>\n<meta property=\"article:modified_time\" content=\"2026-01-18T19:09:53+00:00\" \/>\n<meta property=\"og:image\" content=\"https:\/\/achaeyehospital.org\/wp-content\/uploads\/2025\/11\/07102025-DSC_0331.jpg\" \/>\n\t<meta property=\"og:image:width\" content=\"1620\" \/>\n\t<meta property=\"og:image:height\" content=\"1080\" \/>\n\t<meta property=\"og:image:type\" content=\"image\/jpeg\" \/>\n<meta name=\"twitter:card\" content=\"summary_large_image\" \/>\n<meta name=\"twitter:label1\" content=\"Dur\u00e9e de lecture estim\u00e9e\" \/>\n\t<meta name=\"twitter:data1\" content=\"2 minutes\" \/>\n<script type=\"application\/ld+json\" class=\"yoast-schema-graph\">{\"@context\":\"https:\\\/\\\/schema.org\",\"@graph\":[{\"@type\":\"WebPage\",\"@id\":\"https:\\\/\\\/achaeyehospital.org\\\/our-team\\\/\",\"url\":\"https:\\\/\\\/achaeyehospital.org\\\/our-team\\\/\",\"name\":\"Our Team - Acha Eye Hospitals\",\"isPartOf\":{\"@id\":\"https:\\\/\\\/achaeyehospital.org\\\/#website\"},\"primaryImageOfPage\":{\"@id\":\"https:\\\/\\\/achaeyehospital.org\\\/our-team\\\/#primaryimage\"},\"image\":{\"@id\":\"https:\\\/\\\/achaeyehospital.org\\\/our-team\\\/#primaryimage\"},\"thumbnailUrl\":\"https:\\\/\\\/achaeyehospital.org\\\/wp-content\\\/uploads\\\/2025\\\/11\\\/07102025-DSC_0331.jpg\",\"datePublished\":\"2026-01-18T18:42:51+00:00\",\"dateModified\":\"2026-01-18T19:09:53+00:00\",\"breadcrumb\":{\"@id\":\"https:\\\/\\\/achaeyehospital.org\\\/our-team\\\/#breadcrumb\"},\"inLanguage\":\"fr-FR\",\"potentialAction\":[{\"@type\":\"ReadAction\",\"target\":[\"https:\\\/\\\/achaeyehospital.org\\\/our-team\\\/\"]}]},{\"@type\":\"ImageObject\",\"inLanguage\":\"fr-FR\",\"@id\":\"https:\\\/\\\/achaeyehospital.org\\\/our-team\\\/#primaryimage\",\"url\":\"https:\\\/\\\/achaeyehospital.org\\\/wp-content\\\/uploads\\\/2025\\\/11\\\/07102025-DSC_0331.jpg\",\"contentUrl\":\"https:\\\/\\\/achaeyehospital.org\\\/wp-content\\\/uploads\\\/2025\\\/11\\\/07102025-DSC_0331.jpg\",\"width\":1620,\"height\":1080},{\"@type\":\"BreadcrumbList\",\"@id\":\"https:\\\/\\\/achaeyehospital.org\\\/our-team\\\/#breadcrumb\",\"itemListElement\":[{\"@type\":\"ListItem\",\"position\":1,\"name\":\"Home\",\"item\":\"https:\\\/\\\/achaeyehospital.org\\\/\"},{\"@type\":\"ListItem\",\"position\":2,\"name\":\"Our Team\"}]},{\"@type\":\"WebSite\",\"@id\":\"https:\\\/\\\/achaeyehospital.org\\\/#website\",\"url\":\"https:\\\/\\\/achaeyehospital.org\\\/\",\"name\":\"Acha Eye Hospitals\",\"description\":\"Acha Eye Hospitals\",\"potentialAction\":[{\"@type\":\"SearchAction\",\"target\":{\"@type\":\"EntryPoint\",\"urlTemplate\":\"https:\\\/\\\/achaeyehospital.org\\\/?s={search_term_string}\"},\"query-input\":{\"@type\":\"PropertyValueSpecification\",\"valueRequired\":true,\"valueName\":\"search_term_string\"}}],\"inLanguage\":\"fr-FR\"}]}<\/script>\n<!-- \/ Yoast SEO plugin. -->","yoast_head_json":{"title":"Our Team - Acha Eye Hospitals","robots":{"index":"index","follow":"follow","max-snippet":"max-snippet:-1","max-image-preview":"max-image-preview:large","max-video-preview":"max-video-preview:-1"},"canonical":"https:\/\/achaeyehospital.org\/fr\/our-team\/","og_locale":"fr_FR","og_type":"article","og_title":"Our Team - Acha Eye Hospitals","og_description":"Meet Our Team We are passionate about our work and how it positively impacts patients. Dr. Nyaah Fidelis Health Service Secretary PCC Dr Nchifor Alice M. A Medical Director Dr Ngounou Faustin Techical Adviser to the HSS Dr. Attha Elizabeth Medical Officer \/ Ophthalmologist Dr Meskerem Shibiru Medical Officer \/ Ophthalmologist Dr. Bih Loraine Medical [&hellip;]","og_url":"https:\/\/achaeyehospital.org\/fr\/our-team\/","og_site_name":"Acha Eye Hospitals","article_modified_time":"2026-01-18T19:09:53+00:00","og_image":[{"width":1620,"height":1080,"url":"https:\/\/achaeyehospital.org\/wp-content\/uploads\/2025\/11\/07102025-DSC_0331.jpg","type":"image\/jpeg"}],"twitter_card":"summary_large_image","twitter_misc":{"Dur\u00e9e de lecture estim\u00e9e":"2 minutes"},"schema":{"@context":"https:\/\/schema.org","@graph":[{"@type":"WebPage","@id":"https:\/\/achaeyehospital.org\/our-team\/","url":"https:\/\/achaeyehospital.org\/our-team\/","name":"Our Team - Acha Eye Hospitals","isPartOf":{"@id":"https:\/\/achaeyehospital.org\/#website"},"primaryImageOfPage":{"@id":"https:\/\/achaeyehospital.org\/our-team\/#primaryimage"},"image":{"@id":"https:\/\/achaeyehospital.org\/our-team\/#primaryimage"},"thumbnailUrl":"https:\/\/achaeyehospital.org\/wp-content\/uploads\/2025\/11\/07102025-DSC_0331.jpg","datePublished":"2026-01-18T18:42:51+00:00","dateModified":"2026-01-18T19:09:53+00:00","breadcrumb":{"@id":"https:\/\/achaeyehospital.org\/our-team\/#breadcrumb"},"inLanguage":"fr-FR","potentialAction":[{"@type":"ReadAction","target":["https:\/\/achaeyehospital.org\/our-team\/"]}]},{"@type":"ImageObject","inLanguage":"fr-FR","@id":"https:\/\/achaeyehospital.org\/our-team\/#primaryimage","url":"https:\/\/achaeyehospital.org\/wp-content\/uploads\/2025\/11\/07102025-DSC_0331.jpg","contentUrl":"https:\/\/achaeyehospital.org\/wp-content\/uploads\/2025\/11\/07102025-DSC_0331.jpg","width":1620,"height":1080},{"@type":"BreadcrumbList","@id":"https:\/\/achaeyehospital.org\/our-team\/#breadcrumb","itemListElement":[{"@type":"ListItem","position":1,"name":"Home","item":"https:\/\/achaeyehospital.org\/"},{"@type":"ListItem","position":2,"name":"Our Team"}]},{"@type":"WebSite","@id":"https:\/\/achaeyehospital.org\/#website","url":"https:\/\/achaeyehospital.org\/","name":"H\u00f4pitaux ophtalmologiques Acha","description":"H\u00f4pitaux ophtalmologiques Acha","potentialAction":[{"@type":"SearchAction","target":{"@type":"EntryPoint","urlTemplate":"https:\/\/achaeyehospital.org\/?s={search_term_string}"},"query-input":{"@type":"PropertyValueSpecification","valueRequired":true,"valueName":"search_term_string"}}],"inLanguage":"fr-FR"}]}},"_links":{"self":[{"href":"https:\/\/achaeyehospital.org\/fr\/wp-json\/wp\/v2\/pages\/792","targetHints":{"allow":["GET"]}}],"collection":[{"href":"https:\/\/achaeyehospital.org\/fr\/wp-json\/wp\/v2\/pages"}],"about":[{"href":"https:\/\/achaeyehospital.org\/fr\/wp-json\/wp\/v2\/types\/page"}],"author":[{"embeddable":true,"href":"https:\/\/achaeyehospital.org\/fr\/wp-json\/wp\/v2\/users\/1"}],"replies":[{"embeddable":true,"href":"https:\/\/achaeyehospital.org\/fr\/wp-json\/wp\/v2\/comments?post=792"}],"version-history":[{"count":7,"href":"https:\/\/achaeyehospital.org\/fr\/wp-json\/wp\/v2\/pages\/792\/revisions"}],"predecessor-version":[{"id":800,"href":"https:\/\/achaeyehospital.org\/fr\/wp-json\/wp\/v2\/pages\/792\/revisions\/800"}],"wp:featuredmedia":[{"embeddable":true,"href":"https:\/\/achaeyehospital.org\/fr\/wp-json\/wp\/v2\/media\/599"}],"wp:attachment":[{"href":"https:\/\/achaeyehospital.org\/fr\/wp-json\/wp\/v2\/media?parent=792"}],"curies":[{"name":"wp","href":"https:\/\/api.w.org\/{rel}","templated":true}]}}