{"id":93,"date":"2025-08-11T05:08:33","date_gmt":"2025-08-11T05:08:33","guid":{"rendered":"http:\/\/ophtical-demo.pbminfotech.com\/demo-01\/?page_id=15478"},"modified":"2025-11-17T19:35:51","modified_gmt":"2025-11-17T19:35:51","slug":"appointment","status":"publish","type":"page","link":"https:\/\/achaeyehospital.org\/fr\/appointment\/","title":{"rendered":"rendez-vous"},"content":{"rendered":"<div data-elementor-type=\"wp-page\" data-elementor-id=\"93\" class=\"elementor elementor-93\">\n\t\t\t\t<div class=\"elementor-element elementor-element-513f2e1 e-grid pbmit-bg-image-over-color e-con-boxed e-con e-parent\" data-id=\"513f2e1\" data-element_type=\"container\" data-e-type=\"container\">\n\t\t\t\t\t<div class=\"e-con-inner\">\n\t\t<div class=\"elementor-element elementor-element-8ccabd1 e-con-full pbmit-bg-color-yes pbmit-elementor-bg-color-globalcolor animated-slow pbmit-bg-image-over-color e-flex elementor-invisible e-con e-child\" data-id=\"8ccabd1\" data-element_type=\"container\" data-e-type=\"container\" data-settings=\"{&quot;animation&quot;:&quot;fadeIn&quot;}\">\n\t\t\t\t<div class=\"elementor-element elementor-element-5d58730 elementor-widget__width-initial elementor-widget elementor-widget-pbmit_icon_heading\" data-id=\"5d58730\" data-element_type=\"widget\" data-e-type=\"widget\" data-widget_type=\"pbmit_icon_heading.default\">\n\t\t\t\t<div class=\"elementor-widget-container\">\n\t\t\t\t\t\t\t\t<div class=\"pbmit-ihbox pbmit-ihbox-style-20\">\r\n\t\t\t\t<div class=\"pbmit-ihbox-box\">\r\n\t<div class=\"pbmit-ihbox-icon\"><div class=\"pbmit-ihbox-icon-wrapper pbmit-icon-type-icon\">\t\t\t<svg enable-background=\"new 0 0 512 512\" height=\"512\" viewbox=\"0 0 512 512\" width=\"512\" xmlns=\"http:\/\/www.w3.org\/2000\/svg\"><g><path d=\"m415.762 183.611-70-60c-3.507-3.007-8.203-4.23-12.731-3.314-4.528.914-8.381 3.863-10.447 7.995-15.948 31.895-48.006 51.708-83.666 51.708h-92.918c-30.327 0-55 24.673-55 55v112c0 46.302 19.179 88.203 50 118.198v-101.5c-9.059-6.332-15-16.832-15-28.698v-50c0-19.299 15.701-35 35-35h50c19.299 0 35 15.701 35 35v50c0 11.866-5.941 22.365-15 28.698v146.411c8.155 1.245 16.503 1.891 25 1.891 90.981 0 165-74.019 165-165v-152c0-4.379-1.914-8.539-5.238-11.389zm-89.762 166.389c-24.813 0-45-20.187-45-45s20.187-45 45-45 45 20.187 45 45-20.187 45-45 45z\"\/><circle cx=\"326\" cy=\"305\" r=\"15\"\/><path d=\"m211 280h-50c-2.757 0-5 2.243-5 5v50c0 2.757 2.243 5 5 5h50c2.757 0 5-2.243 5-5v-50c0-2.757-2.243-5-5-5z\"\/><path d=\"m171 370h30v142h-30z\"\/><path d=\"m21 275v30c0 22.091 17.909 40 40 40v-110c-22.091 0-40 17.909-40 40z\"\/><path d=\"m316 0h-129.01c-32.656 0-61.478 20.698-72.477 50.624-52.515 5.738-93.513 50.358-93.513 104.376v62.604c11.348-7.932 25.135-12.604 40-12.604h5.484c12.154-32.106 43.205-55 79.516-55h92.918c24.223 0 46-13.459 56.833-35.124 6.241-12.482 17.665-21.225 31.344-23.986 2.918-.59 5.919-.891 8.908-.891 10.734 0 21.135 3.849 29.286 10.837l69.998 59.998c9.985 8.559 15.713 21.013 15.713 34.166v10c14.865 0 28.652 4.672 40 12.604v-42.604c0-96.495-78.504-175-175-175z\"\/><path d=\"m451 235v110c22.091 0 40-17.909 40-40v-30c0-22.091-17.909-40-40-40z\"\/><\/g><\/svg>\r\n\t\t\t<\/div><\/div>\t<h2 class=\"pbmit-element-title\">See our pricing packages<\/h2>\t<div class=\"pbmit-heading-desc\">Explore our affordable pricing. Call anytime to learn about our affordable packages.<\/div>\t\t<\/div>\t\t\t<\/div>\r\n\t\t\t\t\t\t\t<\/div>\n\t\t\t\t<\/div>\n\t\t<div class=\"elementor-element elementor-element-02f7f3a e-con-full pbmit-bg-image-over-color e-flex e-con e-child\" data-id=\"02f7f3a\" data-element_type=\"container\" data-e-type=\"container\">\n\t\t\t\t<\/div>\n\t\t\t\t<\/div>\n\t\t<div class=\"elementor-element elementor-element-048f003 e-con-full pbmit-bg-color-yes pbmit-elementor-bg-color-secondary animated-slow pbmit-bg-image-over-color e-flex elementor-invisible e-con e-child\" data-id=\"048f003\" data-element_type=\"container\" data-e-type=\"container\" data-settings=\"{&quot;animation&quot;:&quot;fadeIn&quot;}\">\n\t\t\t\t<div class=\"elementor-element elementor-element-9a772f0 elementor-widget__width-initial elementor-widget elementor-widget-pbmit_icon_heading\" data-id=\"9a772f0\" data-element_type=\"widget\" data-e-type=\"widget\" data-widget_type=\"pbmit_icon_heading.default\">\n\t\t\t\t<div class=\"elementor-widget-container\">\n\t\t\t\t\t\t\t\t<div class=\"pbmit-ihbox pbmit-ihbox-style-20\">\r\n\t\t\t\t<div class=\"pbmit-ihbox-box\">\r\n\t<div class=\"pbmit-ihbox-svg\"><div class=\"pbmit-ihbox-svg-wrapper\"><svg xmlns=\"http:\/\/www.w3.org\/2000\/svg\" aria-hidden=\"true\" class=\"e-font-icon-svg e-fas-comment-dots\" viewbox=\"0 0 512 512\"><path d=\"M256 32C114.6 32 0 125.1 0 240c0 49.6 21.4 95 57 130.7C44.5 421.1 2.7 466 2.2 466.5c-2.2 2.3-2.8 5.7-1.5 8.7S4.8 480 8 480c66.3 0 116-31.8 140.6-51.4 32.7 12.3 69 19.4 107.4 19.4 141.4 0 256-93.1 256-208S397.4 32 256 32zM128 272c-17.7 0-32-14.3-32-32s14.3-32 32-32 32 14.3 32 32-14.3 32-32 32zm128 0c-17.7 0-32-14.3-32-32s14.3-32 32-32 32 14.3 32 32-14.3 32-32 32zm128 0c-17.7 0-32-14.3-32-32s14.3-32 32-32 32 14.3 32 32-14.3 32-32 32z\"><\/path><\/svg><\/div><\/div>\t<h2 class=\"pbmit-element-title\">Talk to our eye specialist.<\/h2>\t<div class=\"pbmit-heading-desc\">Appelez-nous 24 heures sur 24, 7 jours sur 7, en cas d'urgence ou pour prendre rendez-vous et v\u00e9rifier votre \u00e9tat de sant\u00e9.<\/div>\t\t<\/div>\t\t\t<\/div>\r\n\t\t\t\t\t\t\t<\/div>\n\t\t\t\t<\/div>\n\t\t<div class=\"elementor-element elementor-element-e79080f e-con-full pbmit-bg-image-over-color e-flex e-con e-child\" data-id=\"e79080f\" data-element_type=\"container\" data-e-type=\"container\">\n\t\t\t\t<\/div>\n\t\t\t\t<\/div>\n\t\t\t\t\t<\/div>\n\t\t\t\t<\/div>\n\t\t<div class=\"elementor-element elementor-element-185bafc pbmit-bg-image-over-color e-flex e-con-boxed e-con e-parent\" data-id=\"185bafc\" data-element_type=\"container\" data-e-type=\"container\">\n\t\t\t\t\t<div class=\"e-con-inner\">\n\t\t<div class=\"elementor-element elementor-element-b9c534d e-con-full pbmit-bg-image-over-color e-flex e-con e-child\" data-id=\"b9c534d\" data-element_type=\"container\" data-e-type=\"container\">\n\t\t\t\t<div class=\"elementor-element elementor-element-6beaa59 elementor-widget-tablet_extra__width-initial elementor-absolute elementor-widget-mobile__width-initial elementor-hidden-mobile elementor-widget elementor-widget-pbmit_tween_effect_element\" data-id=\"6beaa59\" data-element_type=\"widget\" data-e-type=\"widget\" data-settings=\"{&quot;_position&quot;:&quot;absolute&quot;}\" data-widget_type=\"pbmit_tween_effect_element.default\">\n\t\t\t\t<div class=\"elementor-widget-container\">\n\t\t\t\t\t\t\t<div class=\"pbmit-ele-tween-effect pbmit-tween-image pbmit-tween-effect-style-1\">\r\n\t\t\t<div class=\"pbmit-tween-effect\" data-x-start= \"0\" data-x-end= \"8\" data-y-start= \"0\" data-y-end= \"40\" data-scale-x-start= \"1\" data-scale-x-end=\" 1\" data-skew-x-start=\" 0deg\" data-skew-x-end= \"0deg\" data-skew-y-start=\" 0deg\" data-skew-y-end=\" 0deg\" data-rotate-x-start= \"0\" data-rotate-x-end= \"0\">\r\n\t\t<img decoding=\"async\" width=\"125\" height=\"251\" src=\"https:\/\/achaeyehospital.org\/wp-content\/uploads\/2025\/09\/contact-circle-1.png\" class=\"attachment-full size-full wp-image-46\" alt=\"contact-circle-1\" \/><\/div>\r\n\t\t<\/div>\r\n\t\t\t\t\t<\/div>\n\t\t\t\t<\/div>\n\t\t<div class=\"elementor-element elementor-element-a8433cf e-con-full pbmit-bg-image-over-color e-flex e-con e-child\" data-id=\"a8433cf\" data-element_type=\"container\" data-e-type=\"container\">\n\t\t\t\t<div class=\"elementor-element elementor-element-9c776bd elementor-view-default elementor-widget elementor-widget-icon\" data-id=\"9c776bd\" data-element_type=\"widget\" data-e-type=\"widget\" data-widget_type=\"icon.default\">\n\t\t\t\t\t\t\t<div class=\"elementor-icon-wrapper\">\n\t\t\t<div class=\"elementor-icon\">\n\t\t\t<i aria-hidden=\"true\" class=\"pbmit-ophtical-icon pbmit-ophtical-icon-medical-report\"><\/i>\t\t\t<\/div>\n\t\t<\/div>\n\t\t\t\t\t\t<\/div>\n\t\t\t\t<div class=\"elementor-element elementor-element-5d3e191 pbmit-ele-header-align-center elementor-widget elementor-widget-pbmit_heading\" data-id=\"5d3e191\" data-element_type=\"widget\" data-e-type=\"widget\" data-widget_type=\"pbmit_heading.default\">\n\t\t\t\t<div class=\"elementor-widget-container\">\n\t\t\t\t\t <div class=\"pbmit-heading-subheading  animation-style3\"><h2 class=\"pbmit-element-title\">\r\n\t\t\t\t\r\n\t\t\t\t\tDelivering empathetic,\nhigh-standard\nhealthcare\r\n\t\t\t\t\r\n\t\t\t\t<\/h2>\r\n\t\t\t<div class=\"pbmit-heading-desc\">Appelez-nous 24 heures sur 24, 7 jours sur 7, en cas d'urgence ou pour prendre rendez-vous et v\u00e9rifier votre \u00e9tat de sant\u00e9.<\/div><\/div>\t\t\t\t<\/div>\n\t\t\t\t<\/div>\n\t\t\t\t<div class=\"elementor-element elementor-element-0c89ef9 elementor-widget elementor-widget-shortcode\" data-id=\"0c89ef9\" data-element_type=\"widget\" data-e-type=\"widget\" data-widget_type=\"shortcode.default\">\n\t\t\t\t\t\t\t<div class=\"elementor-shortcode\">\n<div class=\"wpcf7 no-js\" id=\"wpcf7-f79-o1\" lang=\"en-US\" dir=\"ltr\" data-wpcf7-id=\"79\">\n<div class=\"screen-reader-response\"><p role=\"status\" aria-live=\"polite\" aria-atomic=\"true\"><\/p> <ul><\/ul><\/div>\n<form action=\"\/fr\/wp-json\/wp\/v2\/pages\/93#wpcf7-f79-o1\" method=\"post\" class=\"wpcf7-form init\" aria-label=\"Contact form\" novalidate=\"novalidate\" data-status=\"init\" data-trp-original-action=\"\/fr\/wp-json\/wp\/v2\/pages\/93#wpcf7-f79-o1\">\n<fieldset class=\"hidden-fields-container\"><input type=\"hidden\" name=\"_wpcf7\" value=\"79\" \/><input type=\"hidden\" name=\"_wpcf7_version\" value=\"6.1.5\" \/><input type=\"hidden\" name=\"_wpcf7_locale\" value=\"en_US\" \/><input type=\"hidden\" name=\"_wpcf7_unit_tag\" value=\"wpcf7-f79-o1\" \/><input type=\"hidden\" name=\"_wpcf7_container_post\" value=\"0\" \/><input type=\"hidden\" name=\"_wpcf7_posted_data_hash\" value=\"\" \/>\n<\/fieldset>\n<div class=\"pbmit-form pbmit-contact-form\">\n\t<div class=\"row pbmit-form-group-one\">\n\t\t<div class=\"col-sm-12 col-md-6 col-lg-6\">\n\t\t\t<div class=\"input-group\">\n\t\t\t\t<p><span class=\"wpcf7-form-control-wrap\" data-name=\"text-872\"><input size=\"40\" maxlength=\"400\" class=\"wpcf7-form-control wpcf7-text wpcf7-validates-as-required\" aria-required=\"true\" aria-invalid=\"false\" placeholder=\"Nom *\" value=\"\" type=\"text\" name=\"text-872\" \/><\/span>\n\t\t\t\t<\/p>\n\t\t\t<\/div>\n\t\t<\/div>\n\t\t<div class=\"col-sm-12 col-md-6 col-lg-6\">\n\t\t\t<div class=\"input-group\">\n\t\t\t\t<p><span class=\"wpcf7-form-control-wrap\" data-name=\"tel-426\"><input size=\"40\" maxlength=\"400\" class=\"wpcf7-form-control wpcf7-tel wpcf7-validates-as-required wpcf7-text wpcf7-validates-as-tel\" aria-required=\"true\" aria-invalid=\"false\" placeholder=\"Num\u00e9ro de t\u00e9l\u00e9phone *\" value=\"\" type=\"tel\" name=\"tel-426\" \/><\/span>\n\t\t\t\t<\/p>\n\t\t\t<\/div>\n\t\t<\/div>\n\t\t<div class=\"col-sm-12 col-md-6 col-lg-6\">\n\t\t\t<div class=\"input-group\">\n\t\t\t\t<p><span class=\"wpcf7-form-control-wrap\" data-name=\"date-218\"><input class=\"wpcf7-form-control wpcf7-date wpcf7-validates-as-required wpcf7-validates-as-date\" min=\"2026-04-28\" aria-required=\"true\" aria-invalid=\"false\" placeholder=\"S\u00e9lectionner la date\" value=\"\" type=\"date\" name=\"date-218\" \/><\/span>\n\t\t\t\t<\/p>\n\t\t\t<\/div>\n\t\t<\/div>\n\t\t<div class=\"col-sm-12 col-md-6 col-lg-6\">\n\t\t\t<div class=\"input-group\">\n\t\t\t\t<p><span class=\"wpcf7-form-control-wrap\" data-name=\"select-142\"><select class=\"wpcf7-form-control wpcf7-select wpcf7-validates-as-required\" aria-required=\"true\" aria-invalid=\"false\" name=\"select-142\"><option value=\"\">S\u00e9lectionner l'heure<\/option><option value=\"9:00 am\">9:00 am<\/option><option value=\"9:30 am\">9:30 am<\/option><option value=\"10:00 am\">10:00 am<\/option><option value=\"10:30 am\">10:30 am<\/option><option value=\"11:00 am\">11:00 am<\/option><option value=\"11:30 am\">11:30 am<\/option><option value=\"12:00 pm\">12:00 pm<\/option><option value=\"12:30 pm\">12:30 pm<\/option><option value=\"01:00 pm\">01:00 pm<\/option><option value=\"01:30 pm\">01:30 pm<\/option><option value=\"02:00 pm\">02:00 pm<\/option><option value=\"02:30 pm\">02:30 pm<\/option><option value=\"03:00 pm\">03:00 pm<\/option><option value=\"03:30 pm\">03:30 pm<\/option><option value=\"04:00 pm\">04:00 pm<\/option><option value=\"04:30 pm\">04:30 pm<\/option><option value=\"05:00 pm\">05:00 pm<\/option><option value=\"05:30 pm\">05:30 pm<\/option><option value=\"06:00 pm\">06:00 pm<\/option><option value=\"06:30 pm\">06:30 pm<\/option><\/select><\/span>\n\t\t\t\t<\/p>\n\t\t\t<\/div>\n\t\t<\/div>\n\t\t<div class=\"col-sm-12 col-md-6 col-lg-6\">\n\t\t\t<div class=\"input-group\">\n\t\t\t\t<p><span class=\"wpcf7-form-control-wrap\" data-name=\"select-436\"><select class=\"wpcf7-form-control wpcf7-select wpcf7-validates-as-required\" aria-required=\"true\" aria-invalid=\"false\" name=\"select-436\"><option value=\"\">S\u00e9lectionner le traitement<\/option><option value=\"General Consultation\">Consultation g\u00e9n\u00e9rale<\/option><option value=\"Cataract\">Cataracte<\/option><option value=\"Glaucoma\">Glaucome<\/option><option value=\"Optometry &amp; Low Vision\">Optom\u00e9trie et basse vision<\/option><option value=\"Cornea and Refractive Surgery\">Chirurgie r\u00e9fractive et de la corn\u00e9e<\/option><option value=\"Pediatric Eye Care\">Soins oculaires p\u00e9diatriques<\/option><option value=\"Retina\">R\u00e9tine<\/option><\/select><\/span>\n\t\t\t\t<\/p>\n\t\t\t<\/div>\n\t\t<\/div>\n\t\t<div class=\"col-sm-12 col-md-6 col-lg-6\">\n\t\t\t<div class=\"input-group\">\n\t\t\t\t<p><span class=\"wpcf7-form-control-wrap\" data-name=\"select-802\"><select class=\"wpcf7-form-control wpcf7-select wpcf7-validates-as-required\" aria-required=\"true\" aria-invalid=\"false\" name=\"select-802\"><option value=\"\">S\u00e9lectionner une agence<\/option><option value=\"Douala\">Douala<\/option><option value=\"Yaound\u00e9\">Yaound\u00e9<\/option><option value=\"Bafoussam\">Bafoussam<\/option><option value=\"Bamenda\">Bamenda<\/option><option value=\"Buea\">Buea<\/option><option value=\"Kumba\">Kumba<\/option><option value=\"Achu-Tugi\">Achu-Tugi<\/option><\/select><\/span>\n\t\t\t\t<\/p>\n\t\t\t<\/div>\n\t\t<\/div>\n\t<\/div>\n\t<div class=\"row pbmit-form-group-two\">\n\t\t<div class=\"col-sm-12\">\n\t\t\t<div class=\"input-group input-textarea\">\n\t\t\t\t<p><span class=\"wpcf7-form-control-wrap\" data-name=\"textarea-806\"><textarea cols=\"40\" rows=\"10\" maxlength=\"2000\" class=\"wpcf7-form-control wpcf7-textarea wpcf7-validates-as-required\" aria-required=\"true\" aria-invalid=\"false\" placeholder=\"Message\" name=\"textarea-806\"><\/textarea><\/span>\n\t\t\t\t<\/p>\n\t\t\t<\/div>\n\t\t<\/div>\n\t\t<div class=\"col-sm-12\">\n\t\t\t<div class=\"input-group input-button\">\n\t\t\t\t<p><button id=\"submit\" class=\"wpcf7-form-control wpcf7-submit pbmit-form-btn\"><span class=\"pbmit-slider-button-text\"><span class=\"pbmit-button-text\"><span class=\"pbmit-button-text-normal\">Demander un rendez-vous<\/span><span class=\"pbmit-button-text-hover\">Demander un rendez-vous<\/span><\/span><\/span><span class=\"pbmit-button-icon-wrapper\"><span class=\"pbmit-button-icon\"><i class=\"pbmit-base-icon-arrow-right-1\"><\/i><\/span><\/span><\/button>\n\t\t\t\t<\/p>\n\t\t\t<\/div>\n\t\t<\/div>\n\t<\/div>\n<\/div><div class=\"wpcf7-response-output\" aria-hidden=\"true\"><\/div>\n<input type=\"hidden\" name=\"trp-form-language\" value=\"fr\"\/><\/form>\n<\/div>\n<\/div>\n\t\t\t\t\t\t<\/div>\n\t\t\t\t<\/div>\n\t\t\t\t<div class=\"elementor-element elementor-element-b3f017c elementor-widget-tablet_extra__width-initial elementor-absolute elementor-hidden-mobile elementor-widget elementor-widget-pbmit_tween_effect_element\" data-id=\"b3f017c\" data-element_type=\"widget\" data-e-type=\"widget\" data-settings=\"{&quot;_position&quot;:&quot;absolute&quot;}\" data-widget_type=\"pbmit_tween_effect_element.default\">\n\t\t\t\t<div class=\"elementor-widget-container\">\n\t\t\t\t\t\t\t<div class=\"pbmit-ele-tween-effect pbmit-tween-image pbmit-tween-effect-style-1\">\r\n\t\t\t<div class=\"pbmit-tween-effect\" data-x-start= \"0\" data-x-end= \"8\" data-y-start= \"0\" data-y-end= \"-40\" data-scale-x-start= \"1\" data-scale-x-end=\" 1\" data-skew-x-start=\" 0deg\" data-skew-x-end= \"0deg\" data-skew-y-start=\" 0deg\" data-skew-y-end=\" 0deg\" data-rotate-x-start= \"0\" data-rotate-x-end= \"0\">\r\n\t\t<img decoding=\"async\" width=\"148\" height=\"296\" src=\"https:\/\/achaeyehospital.org\/wp-content\/uploads\/2025\/09\/contact-circle-2.png\" class=\"attachment-full size-full wp-image-47\" alt=\"contact-circle-2\" \/><\/div>\r\n\t\t<\/div>\r\n\t\t\t\t\t<\/div>\n\t\t\t\t<\/div>\n\t\t\t\t<\/div>\n\t\t\t\t\t<\/div>\n\t\t\t\t<\/div>\n\t\t\t\t<\/div>","protected":false},"excerpt":{"rendered":"<p>See our pricing packages Explore our affordable pricing. Call anytime to learn about our affordable packages. Talk to our eye specialist. Call us 24\/7 with any emergency or to schedule an appointment &amp; check your health. Delivering empathetic, high-standard healthcare Call us 24\/7 with any emergency or to schedule an appointment &amp; check your health.<\/p>","protected":false},"author":1,"featured_media":0,"parent":0,"menu_order":0,"comment_status":"closed","ping_status":"closed","template":"","meta":{"_acf_changed":false,"footnotes":""},"class_list":["post-93","page","type-page","status-publish","hentry"],"acf":[],"yoast_head":"<!-- This site is optimized with the Yoast SEO plugin v27.4 - https:\/\/yoast.com\/product\/yoast-seo-wordpress\/ -->\n<title>Appointment - Acha Eye Hospitals<\/title>\n<meta name=\"robots\" content=\"index, follow, max-snippet:-1, max-image-preview:large, max-video-preview:-1\" \/>\n<link rel=\"canonical\" href=\"https:\/\/achaeyehospital.org\/fr\/appointment\/\" \/>\n<meta property=\"og:locale\" content=\"fr_FR\" \/>\n<meta property=\"og:type\" content=\"article\" \/>\n<meta property=\"og:title\" content=\"Appointment - Acha Eye Hospitals\" \/>\n<meta property=\"og:description\" content=\"See our pricing packages Explore our affordable pricing. Call anytime to learn about our affordable packages. Talk to our eye specialist. Call us 24\/7 with any emergency or to schedule an appointment &amp; check your health. Delivering empathetic, high-standard healthcare Call us 24\/7 with any emergency or to schedule an appointment &amp; check your health.\" \/>\n<meta property=\"og:url\" content=\"https:\/\/achaeyehospital.org\/fr\/appointment\/\" \/>\n<meta property=\"og:site_name\" content=\"Acha Eye Hospitals\" \/>\n<meta property=\"article:modified_time\" content=\"2025-11-17T19:35:51+00:00\" \/>\n<meta property=\"og:image\" content=\"https:\/\/achaeyehospital.org\/wp-content\/uploads\/2025\/09\/contact-circle-1.png\" \/>\n\t<meta property=\"og:image:width\" content=\"125\" \/>\n\t<meta property=\"og:image:height\" content=\"251\" \/>\n\t<meta property=\"og:image:type\" content=\"image\/png\" \/>\n<meta name=\"twitter:card\" content=\"summary_large_image\" \/>\n<script type=\"application\/ld+json\" class=\"yoast-schema-graph\">{\"@context\":\"https:\\\/\\\/schema.org\",\"@graph\":[{\"@type\":\"WebPage\",\"@id\":\"https:\\\/\\\/achaeyehospital.org\\\/appointment\\\/\",\"url\":\"https:\\\/\\\/achaeyehospital.org\\\/appointment\\\/\",\"name\":\"Appointment - Acha Eye Hospitals\",\"isPartOf\":{\"@id\":\"https:\\\/\\\/achaeyehospital.org\\\/#website\"},\"primaryImageOfPage\":{\"@id\":\"https:\\\/\\\/achaeyehospital.org\\\/appointment\\\/#primaryimage\"},\"image\":{\"@id\":\"https:\\\/\\\/achaeyehospital.org\\\/appointment\\\/#primaryimage\"},\"thumbnailUrl\":\"https:\\\/\\\/achaeyehospital.org\\\/wp-content\\\/uploads\\\/2025\\\/09\\\/contact-circle-1.png\",\"datePublished\":\"2025-08-11T05:08:33+00:00\",\"dateModified\":\"2025-11-17T19:35:51+00:00\",\"breadcrumb\":{\"@id\":\"https:\\\/\\\/achaeyehospital.org\\\/appointment\\\/#breadcrumb\"},\"inLanguage\":\"fr-FR\",\"potentialAction\":[{\"@type\":\"ReadAction\",\"target\":[\"https:\\\/\\\/achaeyehospital.org\\\/appointment\\\/\"]}]},{\"@type\":\"ImageObject\",\"inLanguage\":\"fr-FR\",\"@id\":\"https:\\\/\\\/achaeyehospital.org\\\/appointment\\\/#primaryimage\",\"url\":\"https:\\\/\\\/achaeyehospital.org\\\/wp-content\\\/uploads\\\/2025\\\/09\\\/contact-circle-1.png\",\"contentUrl\":\"https:\\\/\\\/achaeyehospital.org\\\/wp-content\\\/uploads\\\/2025\\\/09\\\/contact-circle-1.png\"},{\"@type\":\"BreadcrumbList\",\"@id\":\"https:\\\/\\\/achaeyehospital.org\\\/appointment\\\/#breadcrumb\",\"itemListElement\":[{\"@type\":\"ListItem\",\"position\":1,\"name\":\"Home\",\"item\":\"https:\\\/\\\/achaeyehospital.org\\\/\"},{\"@type\":\"ListItem\",\"position\":2,\"name\":\"Appointment\"}]},{\"@type\":\"WebSite\",\"@id\":\"https:\\\/\\\/achaeyehospital.org\\\/#website\",\"url\":\"https:\\\/\\\/achaeyehospital.org\\\/\",\"name\":\"Acha Eye Hospitals\",\"description\":\"Acha Eye Hospitals\",\"potentialAction\":[{\"@type\":\"SearchAction\",\"target\":{\"@type\":\"EntryPoint\",\"urlTemplate\":\"https:\\\/\\\/achaeyehospital.org\\\/?s={search_term_string}\"},\"query-input\":{\"@type\":\"PropertyValueSpecification\",\"valueRequired\":true,\"valueName\":\"search_term_string\"}}],\"inLanguage\":\"fr-FR\"}]}<\/script>\n<!-- \/ Yoast SEO plugin. -->","yoast_head_json":{"title":"Appointment - Acha Eye Hospitals","robots":{"index":"index","follow":"follow","max-snippet":"max-snippet:-1","max-image-preview":"max-image-preview:large","max-video-preview":"max-video-preview:-1"},"canonical":"https:\/\/achaeyehospital.org\/fr\/appointment\/","og_locale":"fr_FR","og_type":"article","og_title":"Appointment - Acha Eye Hospitals","og_description":"See our pricing packages Explore our affordable pricing. Call anytime to learn about our affordable packages. Talk to our eye specialist. Call us 24\/7 with any emergency or to schedule an appointment &amp; check your health. Delivering empathetic, high-standard healthcare Call us 24\/7 with any emergency or to schedule an appointment &amp; check your health.","og_url":"https:\/\/achaeyehospital.org\/fr\/appointment\/","og_site_name":"Acha Eye Hospitals","article_modified_time":"2025-11-17T19:35:51+00:00","og_image":[{"width":125,"height":251,"url":"https:\/\/achaeyehospital.org\/wp-content\/uploads\/2025\/09\/contact-circle-1.png","type":"image\/png"}],"twitter_card":"summary_large_image","schema":{"@context":"https:\/\/schema.org","@graph":[{"@type":"WebPage","@id":"https:\/\/achaeyehospital.org\/appointment\/","url":"https:\/\/achaeyehospital.org\/appointment\/","name":"Appointment - Acha Eye Hospitals","isPartOf":{"@id":"https:\/\/achaeyehospital.org\/#website"},"primaryImageOfPage":{"@id":"https:\/\/achaeyehospital.org\/appointment\/#primaryimage"},"image":{"@id":"https:\/\/achaeyehospital.org\/appointment\/#primaryimage"},"thumbnailUrl":"https:\/\/achaeyehospital.org\/wp-content\/uploads\/2025\/09\/contact-circle-1.png","datePublished":"2025-08-11T05:08:33+00:00","dateModified":"2025-11-17T19:35:51+00:00","breadcrumb":{"@id":"https:\/\/achaeyehospital.org\/appointment\/#breadcrumb"},"inLanguage":"fr-FR","potentialAction":[{"@type":"ReadAction","target":["https:\/\/achaeyehospital.org\/appointment\/"]}]},{"@type":"ImageObject","inLanguage":"fr-FR","@id":"https:\/\/achaeyehospital.org\/appointment\/#primaryimage","url":"https:\/\/achaeyehospital.org\/wp-content\/uploads\/2025\/09\/contact-circle-1.png","contentUrl":"https:\/\/achaeyehospital.org\/wp-content\/uploads\/2025\/09\/contact-circle-1.png"},{"@type":"BreadcrumbList","@id":"https:\/\/achaeyehospital.org\/appointment\/#breadcrumb","itemListElement":[{"@type":"ListItem","position":1,"name":"Home","item":"https:\/\/achaeyehospital.org\/"},{"@type":"ListItem","position":2,"name":"Appointment"}]},{"@type":"WebSite","@id":"https:\/\/achaeyehospital.org\/#website","url":"https:\/\/achaeyehospital.org\/","name":"H\u00f4pitaux ophtalmologiques Acha","description":"H\u00f4pitaux ophtalmologiques Acha","potentialAction":[{"@type":"SearchAction","target":{"@type":"EntryPoint","urlTemplate":"https:\/\/achaeyehospital.org\/?s={search_term_string}"},"query-input":{"@type":"PropertyValueSpecification","valueRequired":true,"valueName":"search_term_string"}}],"inLanguage":"fr-FR"}]}},"_links":{"self":[{"href":"https:\/\/achaeyehospital.org\/fr\/wp-json\/wp\/v2\/pages\/93","targetHints":{"allow":["GET"]}}],"collection":[{"href":"https:\/\/achaeyehospital.org\/fr\/wp-json\/wp\/v2\/pages"}],"about":[{"href":"https:\/\/achaeyehospital.org\/fr\/wp-json\/wp\/v2\/types\/page"}],"author":[{"embeddable":true,"href":"https:\/\/achaeyehospital.org\/fr\/wp-json\/wp\/v2\/users\/1"}],"replies":[{"embeddable":true,"href":"https:\/\/achaeyehospital.org\/fr\/wp-json\/wp\/v2\/comments?post=93"}],"version-history":[{"count":9,"href":"https:\/\/achaeyehospital.org\/fr\/wp-json\/wp\/v2\/pages\/93\/revisions"}],"predecessor-version":[{"id":590,"href":"https:\/\/achaeyehospital.org\/fr\/wp-json\/wp\/v2\/pages\/93\/revisions\/590"}],"wp:attachment":[{"href":"https:\/\/achaeyehospital.org\/fr\/wp-json\/wp\/v2\/media?parent=93"}],"curies":[{"name":"wp","href":"https:\/\/api.w.org\/{rel}","templated":true}]}}